{"id":174,"date":"2025-05-27T09:10:36","date_gmt":"2025-05-27T09:10:36","guid":{"rendered":"https:\/\/eranurgemicilik.com\/?page_id=174"},"modified":"2025-06-04T14:04:33","modified_gmt":"2025-06-04T14:04:33","slug":"kurumsal","status":"publish","type":"page","link":"https:\/\/eranurgemicilik.com\/?page_id=174","title":{"rendered":"Kurumsal"},"content":{"rendered":"\t\t<div data-elementor-type=\"wp-page\" data-elementor-id=\"174\" class=\"elementor elementor-174\" data-elementor-settings=\"{&quot;ha_cmc_init_switcher&quot;:&quot;no&quot;}\" data-elementor-post-type=\"page\">\n\t\t\t\t<div class=\"elementor-element elementor-element-42941401 e-flex e-con-boxed e-con e-parent\" data-id=\"42941401\" data-element_type=\"container\" data-settings=\"{&quot;background_background&quot;:&quot;classic&quot;,&quot;_ha_eqh_enable&quot;:false}\">\n\t\t\t\t\t<div class=\"e-con-inner\">\n\t\t<div class=\"elementor-element elementor-element-6a9639d3 e-con-full e-flex e-con e-child\" data-id=\"6a9639d3\" data-element_type=\"container\" data-settings=\"{&quot;_ha_eqh_enable&quot;:false}\">\n\t\t\t\t<div class=\"elementor-element elementor-element-33657730 elementor-widget elementor-widget-heading\" data-id=\"33657730\" data-element_type=\"widget\" data-widget_type=\"heading.default\">\n\t\t\t\t<div class=\"elementor-widget-container\">\n\t\t\t\t\t<h2 class=\"elementor-heading-title elementor-size-default\">Denizcilikte G\u00fcvenin ve Kalitenin Ad\u0131: Eranur Gemi \u0130n\u015faat<\/h2>\t\t\t\t<\/div>\n\t\t\t\t<\/div>\n\t\t\t\t<div class=\"elementor-element elementor-element-5ab08b1c elementor-widget elementor-widget-text-editor\" data-id=\"5ab08b1c\" data-element_type=\"widget\" data-widget_type=\"text-editor.default\">\n\t\t\t\t<div class=\"elementor-widget-container\">\n\t\t\t\t\t\t\t\t\t<p data-start=\"99\" data-end=\"514\"><strong data-start=\"99\" data-end=\"121\">Eranur Gemi \u0130n\u015faat<\/strong>, 1999 y\u0131l\u0131ndan bu yana Kocaeli merkezli olarak faaliyet g\u00f6steren ve denizcilik sekt\u00f6r\u00fcnde g\u00fc\u00e7l\u00fc bir yer edinmi\u015f k\u00f6kl\u00fc bir firmad\u0131r. Kurucular\u0131m\u0131z <strong data-start=\"268\" data-end=\"295\">Ercan ve Menderes G\u00fc\u00e7l\u00fc<\/strong> liderli\u011finde, gemi in\u015fa ve bak\u0131m alanlar\u0131nda uzmanla\u015fm\u0131\u015f olan firmam\u0131z; <strong data-start=\"368\" data-end=\"438\">boya, raspa, mekanik bak\u0131m, macun uygulamalar\u0131 ve koruyucu kaplama<\/strong> gibi teknik hizmetlerde y\u00fcksek kalite standartlar\u0131yla \u00e7\u00f6z\u00fcmler sunmaktad\u0131r.<\/p><p data-start=\"516\" data-end=\"748\"><strong data-start=\"516\" data-end=\"575\">Sanmar Denizcilik, Karmarine Powership, Proteksan Yacht<\/strong> gibi sekt\u00f6r\u00fcn \u00f6nc\u00fc firmalar\u0131yla i\u015f birli\u011fi yaparak ulusal ve uluslararas\u0131 projelerde aktif rol alan Eranur Gemi \u0130n\u015faat, g\u00fcvenilirli\u011fi ve profesyonelli\u011fiyle \u00f6ne \u00e7\u0131kmaktad\u0131r.<\/p><p data-start=\"750\" data-end=\"801\">olmak \u00fczere toplam <strong data-start=\"1101\" data-end=\"1116\">13 tekneyle<\/strong> aktif \u00e7al\u0131\u015fmalar\u0131m\u0131z devam etmektedir.<\/p><p data-start=\"1157\" data-end=\"1372\">Personel g\u00fcc\u00fcm\u00fcz ise operasyonel ba\u015far\u0131m\u0131z\u0131n temelini olu\u015fturmaktad\u0131r. \u015eu an itibar\u0131yla <strong data-start=\"1245\" data-end=\"1268\">Tuzla b\u00f6lgesinde 14<\/strong>, <strong data-start=\"1270\" data-end=\"1296\">Alt\u0131nova b\u00f6lgesinde 65<\/strong> olmak \u00fczere toplam <strong data-start=\"1316\" data-end=\"1335\">79 personelimiz<\/strong> ile faaliyetlerimizi s\u00fcrd\u00fcrmekteyiz.<\/p>\t\t\t\t\t\t\t\t<\/div>\n\t\t\t\t<\/div>\n\t\t\t\t<div class=\"elementor-element elementor-element-4914dc39 elementor-align-center elementor-widget elementor-widget-button\" data-id=\"4914dc39\" data-element_type=\"widget\" data-widget_type=\"button.default\">\n\t\t\t\t<div class=\"elementor-widget-container\">\n\t\t\t\t\t\t\t\t\t<div class=\"elementor-button-wrapper\">\n\t\t\t\t\t<a class=\"elementor-button elementor-button-link elementor-size-sm\" href=\"#\">\n\t\t\t\t\t\t<span class=\"elementor-button-content-wrapper\">\n\t\t\t\t\t\t\t\t\t<span class=\"elementor-button-text\">Bilgi Al!<\/span>\n\t\t\t\t\t<\/span>\n\t\t\t\t\t<\/a>\n\t\t\t\t<\/div>\n\t\t\t\t\t\t\t\t<\/div>\n\t\t\t\t<\/div>\n\t\t\t\t<\/div>\n\t\t\t\t\t<\/div>\n\t\t\t\t<\/div>\n\t\t<div class=\"elementor-element elementor-element-898563d e-con-full e-flex elementor-invisible e-con e-child\" data-id=\"898563d\" data-element_type=\"container\" data-settings=\"{&quot;animation&quot;:&quot;zoomIn&quot;,&quot;_ha_eqh_enable&quot;:false}\">\n\t\t\t\t<div class=\"elementor-element elementor-element-df7ad4f ha-image-accordion-hover ha-image-accordion-mobile-vertical ha-image-accordion-horizontal elementor-widget elementor-widget-ha-image-accordion happy-addon ha-image-accordion\" data-id=\"df7ad4f\" data-element_type=\"widget\" data-widget_type=\"ha-image-accordion.default\">\n\t\t\t\t<div class=\"elementor-widget-container\">\n\t\t\t\t\t        <div class=\"ha-image-accordion-wrapper\">\n            <div class=\"ha-ia-container\">\n                <div class=\"ha-ia-gallery-wrap\">\n                                            <div style=\"background-image: url('https:\/\/eranurgemicilik.com\/wp-content\/uploads\/2025\/05\/WhatsApp-Gorsel-2025-05-13-saat-19.36.38_edc21e42.jpg');\" class=\"ha-ia-item active\">\n                            <div class=\"ha-overlay\">\n                                <div class=\"ha-ia-content-wrapper ha_fadeInUp\">\n                                                                                                            <div class=\"ha-ia-content-icon-title ha-ia-icon-left\">\n                                                                                <span class=\"ha-ia-content-title\"><\/span>\n                                    <\/div>\n                                                                                                        <\/div>\n                            <\/div>\n                        <\/div>\n                                            <div style=\"background-image: url('https:\/\/eranurgemicilik.com\/wp-content\/uploads\/2025\/05\/WhatsApp-Gorsel-2025-05-13-saat-19.36.38_447c36e1.jpg');\" class=\"ha-ia-item \">\n                            <div class=\"ha-overlay\">\n                                <div class=\"ha-ia-content-wrapper ha_fadeInUp\">\n                                                                                                            <div class=\"ha-ia-content-icon-title ha-ia-icon-left\">\n                                                                                <span class=\"ha-ia-content-title\"><\/span>\n                                    <\/div>\n                                                                                                        <\/div>\n                            <\/div>\n                        <\/div>\n                                            <div style=\"background-image: url('https:\/\/eranurgemicilik.com\/wp-content\/uploads\/2025\/05\/WhatsApp-Gorsel-2025-05-13-saat-19.36.40_ab0755d9.jpg');\" class=\"ha-ia-item \">\n                            <div class=\"ha-overlay\">\n                                <div class=\"ha-ia-content-wrapper ha_fadeInUp\">\n                                                                                                            <div class=\"ha-ia-content-icon-title ha-ia-icon-left\">\n                                                                                <span class=\"ha-ia-content-title\"><\/span>\n                                    <\/div>\n                                                                                                        <\/div>\n                            <\/div>\n                        <\/div>\n                                            <div style=\"background-image: url('https:\/\/eranurgemicilik.com\/wp-content\/uploads\/2025\/05\/WhatsApp-Gorsel-2025-05-13-saat-19.33.26_fad3114d.jpg');\" class=\"ha-ia-item \">\n                            <div class=\"ha-overlay\">\n                                <div class=\"ha-ia-content-wrapper ha_fadeInUp\">\n                                                                                                            <div class=\"ha-ia-content-icon-title ha-ia-icon-left\">\n                                                                                <span class=\"ha-ia-content-title\"><\/span>\n                                    <\/div>\n                                                                                                        <\/div>\n                            <\/div>\n                        <\/div>\n                                            <div style=\"background-image: url('https:\/\/eranurgemicilik.com\/wp-content\/uploads\/2025\/05\/WhatsApp-Gorsel-2025-05-13-saat-19.33.31_3acd4d71.jpg');\" class=\"ha-ia-item \">\n                            <div class=\"ha-overlay\">\n                                <div class=\"ha-ia-content-wrapper ha_fadeInUp\">\n                                                                                                            <div class=\"ha-ia-content-icon-title ha-ia-icon-left\">\n                                                                                <span class=\"ha-ia-content-title\"><\/span>\n                                    <\/div>\n                                                                                                        <\/div>\n                            <\/div>\n                        <\/div>\n                                    <\/div>\n            <\/div>\n        <\/div>\n\t\t\t\t<\/div>\n\t\t\t\t<\/div>\n\t\t\t\t<\/div>\n\t\t<div class=\"elementor-element elementor-element-8b14ee4 e-flex e-con-boxed e-con e-parent\" data-id=\"8b14ee4\" data-element_type=\"container\" data-settings=\"{&quot;_ha_eqh_enable&quot;:false}\">\n\t\t\t\t\t<div class=\"e-con-inner\">\n\t\t\t\t\t<\/div>\n\t\t\t\t<\/div>\n\t\t\t\t<\/div>\n\t\t","protected":false},"excerpt":{"rendered":"<p>Denizcilikte G\u00fcvenin ve Kalitenin Ad\u0131: Eranur Gemi \u0130n\u015faat Eranur Gemi \u0130n\u015faat, 1999 y\u0131l\u0131ndan bu yana Kocaeli merkezli olarak faaliyet g\u00f6steren ve denizcilik sekt\u00f6r\u00fcnde g\u00fc\u00e7l\u00fc bir yer edinmi\u015f k\u00f6kl\u00fc bir firmad\u0131r. Kurucular\u0131m\u0131z Ercan ve Menderes G\u00fc\u00e7l\u00fc liderli\u011finde, gemi in\u015fa ve bak\u0131m alanlar\u0131nda uzmanla\u015fm\u0131\u015f olan firmam\u0131z; boya,&hellip;<\/p>\n","protected":false},"author":1,"featured_media":0,"parent":0,"menu_order":0,"comment_status":"closed","ping_status":"closed","template":"elementor_canvas","meta":{"footnotes":""},"class_list":["post-174","page","type-page","status-publish","hentry"],"_links":{"self":[{"href":"https:\/\/eranurgemicilik.com\/index.php?rest_route=\/wp\/v2\/pages\/174","targetHints":{"allow":["GET"]}}],"collection":[{"href":"https:\/\/eranurgemicilik.com\/index.php?rest_route=\/wp\/v2\/pages"}],"about":[{"href":"https:\/\/eranurgemicilik.com\/index.php?rest_route=\/wp\/v2\/types\/page"}],"author":[{"embeddable":true,"href":"https:\/\/eranurgemicilik.com\/index.php?rest_route=\/wp\/v2\/users\/1"}],"replies":[{"embeddable":true,"href":"https:\/\/eranurgemicilik.com\/index.php?rest_route=%2Fwp%2Fv2%2Fcomments&post=174"}],"version-history":[{"count":25,"href":"https:\/\/eranurgemicilik.com\/index.php?rest_route=\/wp\/v2\/pages\/174\/revisions"}],"predecessor-version":[{"id":428,"href":"https:\/\/eranurgemicilik.com\/index.php?rest_route=\/wp\/v2\/pages\/174\/revisions\/428"}],"wp:attachment":[{"href":"https:\/\/eranurgemicilik.com\/index.php?rest_route=%2Fwp%2Fv2%2Fmedia&parent=174"}],"curies":[{"name":"wp","href":"https:\/\/api.w.org\/{rel}","templated":true}]}}